{"id":3010,"date":"2025-07-31T14:16:45","date_gmt":"2025-07-31T12:16:45","guid":{"rendered":"https:\/\/keymaging.com\/terms-of-use\/"},"modified":"2025-11-21T10:36:05","modified_gmt":"2025-11-21T09:36:05","slug":"terms-of-use","status":"publish","type":"page","link":"https:\/\/keymaging.com\/en\/terms-of-use\/","title":{"rendered":"Terms of use"},"content":{"rendered":"<h3>1. Site editor<\/h3>\n<p>The <a href=\"http:\/\/www.keymaging.com\/\">http:\/\/www.keymaging.com\/<\/a> website is published by KEYMAGING SAS.<\/p>\n<p>KEYMAGING SAS with capital of 351,576.00 euros<\/p>\n<p>Head office: 11 rue de l&#8217;Acad\u00e9mie, B\u00e2timent l&#8217;Acad\u00e9mie, 67000 Strasbourg, France<\/p>\n<p>Represented by Fr\u00e9d\u00e9rique RETY in her capacity as Chairman<\/p>\n<p>Registered with the RCS of Strasbourg B 844169458<\/p>\n<p>E-mail address: <a href=\"mailto:contact@keymaging.com\">contact@keymaging.com<\/a><\/p>\n<h3>2. Responsible for the publication<\/h3>\n<p>Fr\u00e9d\u00e9rique RETY, President of KEYMAGING SAS, is responsible for the publication and content of the site.<\/p>\n<h3>3. Hosting<\/h3>\n<p>Le site  <a href=\"http:\/\/www.keymaging.com\/\">http:\/\/www.keymaging.com\/<\/a> is hosted by :<\/p>\n<p>DEVCLIC<\/p>\n<p>2 All\u00e9e d&#8217;Oslo, 67300 Schiltigheim<br \/>\nEmail info: <a href=\"mailto:contact@devclic.fr\">contact@devclic.fr<\/a><br \/>\n<a href=\"tel:+33357756146\">+33 03 57 75 61 46<\/a><br \/>\nHosting and Internet Operator &#8211; Cloud Solutions, Infrastructure, Outsourcing<\/p>\n<h3>4. Development and design<\/h3>\n<p>ADIPSO Group &#8211;  <a href=\"http:\/\/www.adipso.com\/\">www.adipso.com<\/a><\/p>\n<p>3 Rue de la Division Leclerc 67000 STRASBOURG<\/p>\n<p>Tel. 0805 691 248<\/p>\n<h3>5. Intellectual property<\/h3>\n<p>This entire site, <a href=\"http:\/\/www.keymaging.com\/\">http:\/\/www.keymaging.com\/,<\/a> and all its contents are protected by French and international intellectual property laws. All reproduction rights are reserved, including downloadable documents and iconographic and photographic representations.<\/p>\n<p>Reproduction of all or part of this website on any medium whatsoever is strictly forbidden without the express authorization of the publication director, in accordance with article L.122-4 of the French Intellectual Property Code. Failure to comply with this prohibition constitutes an act of counterfeiting which may incur the civil and\/or criminal liability of its author, punishable under articles L335-2 et seq. of the French Intellectual Property Code.<\/p>\n<p>IF you wish to distribute phrases from the website or documents from the KEYMAGING SAS website, please include this sentence: &#8220;This document comes from the KEYMAGING SAS website: http: <a href=\"http:\/\/www.keymaging.com\/\">\/\/www.keymaging.com\/.<\/a> Reproduction rights are reserved and strictly limited. The web address must appear in the reference.<\/p>\n<p>KEYMAGING SAS website pages may not be embedded within the pages of another website. Any trademarks mentioned on this site are the property of their respective owners.<\/p>\n<p>For other uses, please contact us at <a href=\"mailto:contact@keymaging.com\">contact@keymaging.com.<\/a><\/p>\n<p>&nbsp;<\/p>\n","protected":false},"excerpt":{"rendered":"<p>1. Site editor The http:\/\/www.keymaging.com\/ website is published by KEYMAGING SAS. KEYMAGING SAS with capital of 351,576.00 euros Head office: 11 rue de l&#8217;Acad\u00e9mie, B\u00e2timent l&#8217;Acad\u00e9mie, 67000 Strasbourg, France Represented by Fr\u00e9d\u00e9rique RETY in her capacity as Chairman Registered with the RCS of Strasbourg B 844169458 E-mail address: contact@keymaging.com 2. Responsible for the publication Fr\u00e9d\u00e9rique [&hellip;]<\/p>\n","protected":false},"author":1,"featured_media":0,"parent":0,"menu_order":0,"comment_status":"closed","ping_status":"closed","template":"","meta":{"_acf_changed":false,"footnotes":""},"class_list":["post-3010","page","type-page","status-publish","hentry"],"acf":[],"yoast_head":"<!-- This site is optimized with the Yoast SEO plugin v27.3 - https:\/\/yoast.com\/product\/yoast-seo-wordpress\/ -->\n<title>Terms of use - Keymaging<\/title>\n<meta name=\"robots\" content=\"index, follow, max-snippet:-1, max-image-preview:large, max-video-preview:-1\" \/>\n<link rel=\"canonical\" href=\"https:\/\/keymaging.com\/en\/terms-of-use\/\" \/>\n<meta property=\"og:locale\" content=\"en_US\" \/>\n<meta property=\"og:type\" content=\"article\" \/>\n<meta property=\"og:title\" content=\"Terms of use - Keymaging\" \/>\n<meta property=\"og:description\" content=\"1. Site editor The http:\/\/www.keymaging.com\/ website is published by KEYMAGING SAS. KEYMAGING SAS with capital of 351,576.00 euros Head office: 11 rue de l&#8217;Acad\u00e9mie, B\u00e2timent l&#8217;Acad\u00e9mie, 67000 Strasbourg, France Represented by Fr\u00e9d\u00e9rique RETY in her capacity as Chairman Registered with the RCS of Strasbourg B 844169458 E-mail address: contact@keymaging.com 2. Responsible for the publication Fr\u00e9d\u00e9rique [&hellip;]\" \/>\n<meta property=\"og:url\" content=\"https:\/\/keymaging.com\/en\/terms-of-use\/\" \/>\n<meta property=\"og:site_name\" content=\"Keymaging\" \/>\n<meta property=\"article:modified_time\" content=\"2025-11-21T09:36:05+00:00\" \/>\n<meta name=\"twitter:card\" content=\"summary_large_image\" \/>\n<meta name=\"twitter:label1\" content=\"Est. reading time\" \/>\n\t<meta name=\"twitter:data1\" content=\"2 minutes\" \/>\n<script type=\"application\/ld+json\" class=\"yoast-schema-graph\">{\"@context\":\"https:\\\/\\\/schema.org\",\"@graph\":[{\"@type\":\"WebPage\",\"@id\":\"https:\\\/\\\/keymaging.com\\\/en\\\/terms-of-use\\\/\",\"url\":\"https:\\\/\\\/keymaging.com\\\/en\\\/terms-of-use\\\/\",\"name\":\"Terms of use - Keymaging\",\"isPartOf\":{\"@id\":\"https:\\\/\\\/keymaging.com\\\/en\\\/#website\"},\"datePublished\":\"2025-07-31T12:16:45+00:00\",\"dateModified\":\"2025-11-21T09:36:05+00:00\",\"breadcrumb\":{\"@id\":\"https:\\\/\\\/keymaging.com\\\/en\\\/terms-of-use\\\/#breadcrumb\"},\"inLanguage\":\"en-US\",\"potentialAction\":[{\"@type\":\"ReadAction\",\"target\":[\"https:\\\/\\\/keymaging.com\\\/en\\\/terms-of-use\\\/\"]}]},{\"@type\":\"BreadcrumbList\",\"@id\":\"https:\\\/\\\/keymaging.com\\\/en\\\/terms-of-use\\\/#breadcrumb\",\"itemListElement\":[{\"@type\":\"ListItem\",\"position\":1,\"name\":\"Home\",\"item\":\"https:\\\/\\\/keymaging.com\\\/en\\\/\"},{\"@type\":\"ListItem\",\"position\":2,\"name\":\"Terms of use\"}]},{\"@type\":\"WebSite\",\"@id\":\"https:\\\/\\\/keymaging.com\\\/en\\\/#website\",\"url\":\"https:\\\/\\\/keymaging.com\\\/en\\\/\",\"name\":\"Keymaging\",\"description\":\"\",\"potentialAction\":[{\"@type\":\"SearchAction\",\"target\":{\"@type\":\"EntryPoint\",\"urlTemplate\":\"https:\\\/\\\/keymaging.com\\\/en\\\/?s={search_term_string}\"},\"query-input\":{\"@type\":\"PropertyValueSpecification\",\"valueRequired\":true,\"valueName\":\"search_term_string\"}}],\"inLanguage\":\"en-US\"}]}<\/script>\n<!-- \/ Yoast SEO plugin. -->","yoast_head_json":{"title":"Terms of use - Keymaging","robots":{"index":"index","follow":"follow","max-snippet":"max-snippet:-1","max-image-preview":"max-image-preview:large","max-video-preview":"max-video-preview:-1"},"canonical":"https:\/\/keymaging.com\/en\/terms-of-use\/","og_locale":"en_US","og_type":"article","og_title":"Terms of use - Keymaging","og_description":"1. Site editor The http:\/\/www.keymaging.com\/ website is published by KEYMAGING SAS. KEYMAGING SAS with capital of 351,576.00 euros Head office: 11 rue de l&#8217;Acad\u00e9mie, B\u00e2timent l&#8217;Acad\u00e9mie, 67000 Strasbourg, France Represented by Fr\u00e9d\u00e9rique RETY in her capacity as Chairman Registered with the RCS of Strasbourg B 844169458 E-mail address: contact@keymaging.com 2. Responsible for the publication Fr\u00e9d\u00e9rique [&hellip;]","og_url":"https:\/\/keymaging.com\/en\/terms-of-use\/","og_site_name":"Keymaging","article_modified_time":"2025-11-21T09:36:05+00:00","twitter_card":"summary_large_image","twitter_misc":{"Est. reading time":"2 minutes"},"schema":{"@context":"https:\/\/schema.org","@graph":[{"@type":"WebPage","@id":"https:\/\/keymaging.com\/en\/terms-of-use\/","url":"https:\/\/keymaging.com\/en\/terms-of-use\/","name":"Terms of use - Keymaging","isPartOf":{"@id":"https:\/\/keymaging.com\/en\/#website"},"datePublished":"2025-07-31T12:16:45+00:00","dateModified":"2025-11-21T09:36:05+00:00","breadcrumb":{"@id":"https:\/\/keymaging.com\/en\/terms-of-use\/#breadcrumb"},"inLanguage":"en-US","potentialAction":[{"@type":"ReadAction","target":["https:\/\/keymaging.com\/en\/terms-of-use\/"]}]},{"@type":"BreadcrumbList","@id":"https:\/\/keymaging.com\/en\/terms-of-use\/#breadcrumb","itemListElement":[{"@type":"ListItem","position":1,"name":"Home","item":"https:\/\/keymaging.com\/en\/"},{"@type":"ListItem","position":2,"name":"Terms of use"}]},{"@type":"WebSite","@id":"https:\/\/keymaging.com\/en\/#website","url":"https:\/\/keymaging.com\/en\/","name":"Keymaging","description":"","potentialAction":[{"@type":"SearchAction","target":{"@type":"EntryPoint","urlTemplate":"https:\/\/keymaging.com\/en\/?s={search_term_string}"},"query-input":{"@type":"PropertyValueSpecification","valueRequired":true,"valueName":"search_term_string"}}],"inLanguage":"en-US"}]}},"_links":{"self":[{"href":"https:\/\/keymaging.com\/en\/wp-json\/wp\/v2\/pages\/3010","targetHints":{"allow":["GET"]}}],"collection":[{"href":"https:\/\/keymaging.com\/en\/wp-json\/wp\/v2\/pages"}],"about":[{"href":"https:\/\/keymaging.com\/en\/wp-json\/wp\/v2\/types\/page"}],"author":[{"embeddable":true,"href":"https:\/\/keymaging.com\/en\/wp-json\/wp\/v2\/users\/1"}],"replies":[{"embeddable":true,"href":"https:\/\/keymaging.com\/en\/wp-json\/wp\/v2\/comments?post=3010"}],"version-history":[{"count":1,"href":"https:\/\/keymaging.com\/en\/wp-json\/wp\/v2\/pages\/3010\/revisions"}],"predecessor-version":[{"id":3011,"href":"https:\/\/keymaging.com\/en\/wp-json\/wp\/v2\/pages\/3010\/revisions\/3011"}],"wp:attachment":[{"href":"https:\/\/keymaging.com\/en\/wp-json\/wp\/v2\/media?parent=3010"}],"curies":[{"name":"wp","href":"https:\/\/api.w.org\/{rel}","templated":true}]}}